{"id":686,"date":"2018-10-24T18:30:02","date_gmt":"2018-10-24T16:30:02","guid":{"rendered":"https:\/\/artam.de\/artam\/?post_type=product&#038;p=686"},"modified":"2025-11-17T13:30:45","modified_gmt":"2025-11-17T12:30:45","slug":"decke-paar-mit-irminsul-hagal-spirale","status":"publish","type":"product","link":"https:\/\/artam.de\/artam\/produkt\/decke-paar-mit-irminsul-hagal-spirale\/","title":{"rendered":"Decke &#8222;Paar mit Iminsul mit Hagal und Spirale&#8220;"},"content":{"rendered":"<p>Dies ist eine hochwertige Tischdecke aus 75% Baumwolle 25 % Polyester, sie hat in der Mitte das Paar, welches die Irminsul tr\u00e4gt und in den Ecken je zwei Spiralen und je zwei Hagalrunen. (Abbildung \u00e4hnlich)<br \/>\nWenn Ihr dieses Motiv auf einer anderen Deckenfarbe oder mit einer anderen Garnfarbe haben m\u00f6chtet, gebt dies im Bemerkungsfeld beim Bestellabschluss an.<\/p>\n","protected":false},"excerpt":{"rendered":"<p>Dies ist eine hochwertige Tischdecke aus 75% Baumwolle 25 % Polyester, sie hat in der Mitte das Paar, welches die Irminsul tr\u00e4gt und in den Ecken je zwei Spiralen und je zwei Hagalrunen. (Abbildung \u00e4hnlich) Wenn Ihr dieses Motiv auf einer anderen Deckenfarbe oder mit einer anderen Garnfarbe haben m\u00f6chtet, gebt dies im Bemerkungsfeld beim [&hellip;]<\/p>\n","protected":false},"featured_media":10899,"template":"","meta":[],"product_brand":[],"product_cat":[33],"product_tag":[],"class_list":{"0":"post-686","1":"product","2":"type-product","3":"status-publish","4":"has-post-thumbnail","6":"product_cat-tischecken","7":"product_shipping_class-maxibrief","9":"first","10":"instock","11":"taxable","12":"shipping-taxable","13":"purchasable","14":"product-type-variable"},"_links":{"self":[{"href":"https:\/\/artam.de\/artam\/wp-json\/wp\/v2\/product\/686","targetHints":{"allow":["GET"]}}],"collection":[{"href":"https:\/\/artam.de\/artam\/wp-json\/wp\/v2\/product"}],"about":[{"href":"https:\/\/artam.de\/artam\/wp-json\/wp\/v2\/types\/product"}],"wp:featuredmedia":[{"embeddable":true,"href":"https:\/\/artam.de\/artam\/wp-json\/wp\/v2\/media\/10899"}],"wp:attachment":[{"href":"https:\/\/artam.de\/artam\/wp-json\/wp\/v2\/media?parent=686"}],"wp:term":[{"taxonomy":"product_brand","embeddable":true,"href":"https:\/\/artam.de\/artam\/wp-json\/wp\/v2\/product_brand?post=686"},{"taxonomy":"product_cat","embeddable":true,"href":"https:\/\/artam.de\/artam\/wp-json\/wp\/v2\/product_cat?post=686"},{"taxonomy":"product_tag","embeddable":true,"href":"https:\/\/artam.de\/artam\/wp-json\/wp\/v2\/product_tag?post=686"}],"curies":[{"name":"wp","href":"https:\/\/api.w.org\/{rel}","templated":true}]}}