{"id":526,"date":"2018-10-24T17:25:13","date_gmt":"2018-10-24T15:25:13","guid":{"rendered":"https:\/\/artam.de\/artam\/?post_type=product&#038;p=526"},"modified":"2025-11-17T13:31:08","modified_gmt":"2025-11-17T12:31:08","slug":"sippendecke","status":"publish","type":"product","link":"https:\/\/artam.de\/artam\/produkt\/sippendecke\/","title":{"rendered":"Sippendecke"},"content":{"rendered":"<p>Dies ist eine hochwertige Tischdecke aus 75% Baumwolle 25 % Polyester. Sie tr\u00e4gt das Motiv eines Baumes mit dem Sippennamen und eines Paares in der Mitte, in den Ecken befindet sich ein Knotenmotiv. (Abbildung \u00e4hnlich)<\/p>\n<p>Auf Wunsch k\u00f6nnen auch Kinder hinzugef\u00fcgt werden, daf\u00fcr bitte beim Abschluss der Bestellung im Bemerkungsfeld eine Notiz hinterlassen. Den gew\u00fcnschten Namen bitte ebenso dort angeben. Nat\u00fcrlich ist das Motiv auch ohne Namen m\u00f6glich, daf\u00fcr ebenfalls eine Notiz im Bemerkungsfeld hinterlassen.<\/p>\n<p>Wenn Sie dieses Motiv auf einer anderen Deckenfarbe oder mit einer anderen Garnfarbe haben m\u00f6chten, melden Sie sich einfach \u00fcber unser Kontaktformular.<\/p>\n","protected":false},"excerpt":{"rendered":"<p>Dies ist eine hochwertige Tischdecke aus 75% Baumwolle 25 % Polyester. Sie tr\u00e4gt das Motiv eines Baumes mit dem Sippennamen und eines Paares in der Mitte, in den Ecken befindet sich ein Knotenmotiv. (Abbildung \u00e4hnlich) Auf Wunsch k\u00f6nnen auch Kinder hinzugef\u00fcgt werden, daf\u00fcr bitte beim Abschluss der Bestellung im Bemerkungsfeld eine Notiz hinterlassen. Den gew\u00fcnschten [&hellip;]<\/p>\n","protected":false},"featured_media":522,"template":"","meta":[],"product_brand":[],"product_cat":[33],"product_tag":[],"class_list":{"0":"post-526","1":"product","2":"type-product","3":"status-publish","4":"has-post-thumbnail","6":"product_cat-tischecken","7":"product_shipping_class-maxibrief","9":"first","10":"instock","11":"taxable","12":"shipping-taxable","13":"purchasable","14":"product-type-variable"},"_links":{"self":[{"href":"https:\/\/artam.de\/artam\/wp-json\/wp\/v2\/product\/526","targetHints":{"allow":["GET"]}}],"collection":[{"href":"https:\/\/artam.de\/artam\/wp-json\/wp\/v2\/product"}],"about":[{"href":"https:\/\/artam.de\/artam\/wp-json\/wp\/v2\/types\/product"}],"wp:featuredmedia":[{"embeddable":true,"href":"https:\/\/artam.de\/artam\/wp-json\/wp\/v2\/media\/522"}],"wp:attachment":[{"href":"https:\/\/artam.de\/artam\/wp-json\/wp\/v2\/media?parent=526"}],"wp:term":[{"taxonomy":"product_brand","embeddable":true,"href":"https:\/\/artam.de\/artam\/wp-json\/wp\/v2\/product_brand?post=526"},{"taxonomy":"product_cat","embeddable":true,"href":"https:\/\/artam.de\/artam\/wp-json\/wp\/v2\/product_cat?post=526"},{"taxonomy":"product_tag","embeddable":true,"href":"https:\/\/artam.de\/artam\/wp-json\/wp\/v2\/product_tag?post=526"}],"curies":[{"name":"wp","href":"https:\/\/api.w.org\/{rel}","templated":true}]}}