{"id":2493,"date":"2018-12-07T12:43:33","date_gmt":"2018-12-07T11:43:33","guid":{"rendered":"https:\/\/artam.de\/artam\/?post_type=product&#038;p=2493"},"modified":"2025-11-17T13:26:47","modified_gmt":"2025-11-17T12:26:47","slug":"anhaenger-keltischer-knoten-925","status":"publish","type":"product","link":"https:\/\/artam.de\/artam\/produkt\/anhaenger-keltischer-knoten-925\/","title":{"rendered":"Anh\u00e4nger &#8222;Keltischer Knoten&#8220; (925)"},"content":{"rendered":"<p>Der Schmuck-Anh\u00e4nger mit den 5 verbundenen keltischen Knoten ist ein Symbol f\u00fcr den Menschen.<\/p>\n<p>Er ist detailiert aus 925iger Sterlingsilber gearbeitet.<\/p>\n<p>Die R\u00fcckseite erinnert an Wikinger-Schmuck.<\/p>\n<p><strong>Durchmesser 15 mm<\/strong><\/p>\n<p>&nbsp;<\/p>\n<p>Auf Nachfrage k\u00f6nnt ihr ein passendes Lederband oder eine Silberkette dazu bestellen.<\/p>\n","protected":false},"excerpt":{"rendered":"<p>Der Schmuck-Anh\u00e4nger mit den 5 verbundenen keltischen Knoten ist ein Symbol f\u00fcr den Menschen. Er ist detailiert aus 925iger Sterlingsilber gearbeitet. Die R\u00fcckseite erinnert an Wikinger-Schmuck. Durchmesser 15 mm &nbsp; Auf Nachfrage k\u00f6nnt ihr ein passendes Lederband oder eine Silberkette dazu bestellen.<\/p>\n","protected":false},"featured_media":2478,"template":"","meta":[],"product_brand":[],"product_cat":[147],"product_tag":[196,202,203,195,200],"class_list":{"0":"post-2493","1":"product","2":"type-product","3":"status-publish","4":"has-post-thumbnail","6":"product_cat-kettenanhaenger","7":"product_tag-anhaenger","8":"product_tag-frauen","9":"product_tag-keltischer-knoten","10":"product_tag-schmuck","11":"product_tag-silber","12":"product_shipping_class-maxibrief","14":"first","15":"instock","16":"taxable","17":"shipping-taxable","18":"purchasable","19":"product-type-simple"},"_links":{"self":[{"href":"https:\/\/artam.de\/artam\/wp-json\/wp\/v2\/product\/2493","targetHints":{"allow":["GET"]}}],"collection":[{"href":"https:\/\/artam.de\/artam\/wp-json\/wp\/v2\/product"}],"about":[{"href":"https:\/\/artam.de\/artam\/wp-json\/wp\/v2\/types\/product"}],"wp:featuredmedia":[{"embeddable":true,"href":"https:\/\/artam.de\/artam\/wp-json\/wp\/v2\/media\/2478"}],"wp:attachment":[{"href":"https:\/\/artam.de\/artam\/wp-json\/wp\/v2\/media?parent=2493"}],"wp:term":[{"taxonomy":"product_brand","embeddable":true,"href":"https:\/\/artam.de\/artam\/wp-json\/wp\/v2\/product_brand?post=2493"},{"taxonomy":"product_cat","embeddable":true,"href":"https:\/\/artam.de\/artam\/wp-json\/wp\/v2\/product_cat?post=2493"},{"taxonomy":"product_tag","embeddable":true,"href":"https:\/\/artam.de\/artam\/wp-json\/wp\/v2\/product_tag?post=2493"}],"curies":[{"name":"wp","href":"https:\/\/api.w.org\/{rel}","templated":true}]}}