{"id":1803,"date":"2018-10-26T17:36:22","date_gmt":"2018-10-26T15:36:22","guid":{"rendered":"https:\/\/artam.de\/artam\/?post_type=product&#038;p=1803"},"modified":"2025-11-17T13:29:28","modified_gmt":"2025-11-17T12:29:28","slug":"holzteller-irminsul","status":"publish","type":"product","link":"https:\/\/artam.de\/artam\/produkt\/holzteller-irminsul\/","title":{"rendered":"Holzteller &#8222;Irminsul&#8220;"},"content":{"rendered":"<p>Ob als Geschenk zur Dekoration oder zum Benutzen, mit diesem Holzteller mit eingebrannter Irminsul hat man einen echten Hingucker.<\/p>\n<p>Gern k\u00f6nnen wir auch ein anderes Motiv darauf brennen, einfach unter Bemerkung mitteilen.<br \/>\nZus\u00e4tzlich k\u00f6nnen auch Namen und Daten eingebrannt werden.<\/p>\n<p>&nbsp;<\/p>\n<p>Der Teller besteht aus Buchenholz und hat einen Durchmesser von 25 cm. Da es sich um ein handgefertigtes Motiv handelt betr\u00e4gt die Lieferzeit ca. <strong><span style=\"color: #993300;\">5 Werkstage<\/span><\/strong><span style=\"color: #993300;\"><span style=\"color: #000000;\">.<\/span><\/span><\/p>\n","protected":false},"excerpt":{"rendered":"<p>Ob als Geschenk zur Dekoration oder zum Benutzen, mit diesem Holzteller mit eingebrannter Irminsul hat man einen echten Hingucker. Gern k\u00f6nnen wir auch ein anderes Motiv darauf brennen, einfach unter Bemerkung mitteilen. Zus\u00e4tzlich k\u00f6nnen auch Namen und Daten eingebrannt werden. &nbsp; Der Teller besteht aus Buchenholz und hat einen Durchmesser von 25 cm. Da es [&hellip;]<\/p>\n","protected":false},"featured_media":0,"template":"","meta":[],"product_brand":[],"product_cat":[38],"product_tag":[],"class_list":{"0":"post-1803","1":"product","2":"type-product","3":"status-publish","5":"product_cat-geschenke","6":"product_shipping_class-grosses-format","8":"first","9":"instock","10":"taxable","11":"shipping-taxable","12":"purchasable","13":"product-type-simple"},"_links":{"self":[{"href":"https:\/\/artam.de\/artam\/wp-json\/wp\/v2\/product\/1803","targetHints":{"allow":["GET"]}}],"collection":[{"href":"https:\/\/artam.de\/artam\/wp-json\/wp\/v2\/product"}],"about":[{"href":"https:\/\/artam.de\/artam\/wp-json\/wp\/v2\/types\/product"}],"wp:attachment":[{"href":"https:\/\/artam.de\/artam\/wp-json\/wp\/v2\/media?parent=1803"}],"wp:term":[{"taxonomy":"product_brand","embeddable":true,"href":"https:\/\/artam.de\/artam\/wp-json\/wp\/v2\/product_brand?post=1803"},{"taxonomy":"product_cat","embeddable":true,"href":"https:\/\/artam.de\/artam\/wp-json\/wp\/v2\/product_cat?post=1803"},{"taxonomy":"product_tag","embeddable":true,"href":"https:\/\/artam.de\/artam\/wp-json\/wp\/v2\/product_tag?post=1803"}],"curies":[{"name":"wp","href":"https:\/\/api.w.org\/{rel}","templated":true}]}}