{"id":10904,"date":"2025-11-17T20:30:45","date_gmt":"2025-11-17T19:30:45","guid":{"rendered":"https:\/\/artam.de\/artam\/?post_type=product&#038;p=10904"},"modified":"2025-11-17T20:36:37","modified_gmt":"2025-11-17T19:36:37","slug":"julleuchter-sippenleuchter-schwarz","status":"publish","type":"product","link":"https:\/\/artam.de\/artam\/produkt\/julleuchter-sippenleuchter-schwarz\/","title":{"rendered":"Julleuchter \/ Sippenleuchter schwarz"},"content":{"rendered":"<p>Das Herz-Symbol dient der Nachempfindung des Lebenspulsars, und die Hagal-Rune (j\u00fcngeres Futhark) versinnbildlicht erstmal Hagel und Schnee und im tieferen Sinne, nach dem existenziellen Grundgesetz, dass die Ereignismuster der Vergangenheit formend auf die Gegenwart einwirken (im Bild des alles verw\u00fcstenden Hagels, der nach seiner Schmelze das gr\u00fcne Land erfrischt freigibt). Somit versinnbildlicht Hagal die in der Vergangenheit entstandenen, bis in die Gegenwart wirkenden Energien.<\/p>\n<p>In der Vorzeit wurde die Sonnwend-Zeremonie folgenderma\u00dfen durchgef\u00fchrt: W\u00e4hrend einer gewissen (regional unterschiedlich langen) Periode vor der Wintersonnenwende am 21.12. wird der Kerzenstummel des letzten Jahres (der das Jahr \u00fcber in einem besonderen Gef\u00e4ss aufbewahrt werden musste) in den Leuchter hineingestellt. Die noch nicht gewendete Sonne wird dabei durch die Lichtprojektion von Herz und Rune im Raum versinnbildlicht. Das Licht darf dabei nie ausgehen. Am 21.12. nachts wird die brennende Kerze auf den Leuchter gesteckt &#8211; die Sonne hat sich gewendet, ist, wie man im Volksmund sagt, \u00fcber sich gegangen. Die Kerze bleibt dann (ebenfalls regional) unterschiedlich lange auf dem Leuchter, im Alpenraum meist bis nach den Raun\u00e4chten (6.1.). Der Stummel der letzten Kerze bleibt an jenem besonderen Ort, um die n\u00e4chste Sonnenwende einzuleuchten.<\/p>\n<p>Symbolisiert in seiner Form den Mitternachtsberg. Durch die V\u00f6lkerwanderung entstand von Ostfriesland bis weit nach Skandinavien der Brauch, als Sinnbild des scheidenden Jahres ein kleines Lichtlein unter den Leuchter zu stellen. Zur Sonnenwende, zur Zeit des wiederkehrenden Lichtes, wird eine Kerze auf dem Leuchter entz\u00fcndet, als Symbol f\u00fcr den Sieg des Lichtes \u00fcber die Dunkelheit, aber auch als Symbol f\u00fcr den ewigen Kreislauf von Werden und Vergehen.<\/p>\n<p>Der Julleuchter ist neu und wurde nach originalgetreuen Vorlagen aus Ton hergestellt.<br \/>\nEs handelt sich um NEUWARE, in Handarbeit hergestellt.<\/p>\n<p>Die Breite Breite der Julleuchter betr\u00e4gt etwa 11-12 cm, die H\u00f6he etwa 22 cm.<\/p>\n","protected":false},"excerpt":{"rendered":"<p>Das Herz-Symbol dient der Nachempfindung des Lebenspulsars, und die Hagal-Rune (j\u00fcngeres Futhark) versinnbildlicht erstmal Hagel und Schnee und im tieferen Sinne, nach dem existenziellen Grundgesetz, dass die Ereignismuster der Vergangenheit formend auf die Gegenwart einwirken (im Bild des alles verw\u00fcstenden Hagels, der nach seiner Schmelze das gr\u00fcne Land erfrischt freigibt). Somit versinnbildlicht Hagal die in [&hellip;]<\/p>\n","protected":false},"featured_media":10905,"template":"","meta":[],"product_brand":[],"product_cat":[48,174],"product_tag":[183,188,189],"class_list":{"0":"post-10904","1":"product","2":"type-product","3":"status-publish","4":"has-post-thumbnail","6":"product_cat-jul","7":"product_cat-kerzenhalter","8":"product_tag-jul","9":"product_tag-julleuchter","10":"product_tag-sippenleuchter","11":"product_shipping_class-grosses-format","13":"first","14":"instock","15":"taxable","16":"shipping-taxable","17":"purchasable","18":"product-type-simple"},"_links":{"self":[{"href":"https:\/\/artam.de\/artam\/wp-json\/wp\/v2\/product\/10904","targetHints":{"allow":["GET"]}}],"collection":[{"href":"https:\/\/artam.de\/artam\/wp-json\/wp\/v2\/product"}],"about":[{"href":"https:\/\/artam.de\/artam\/wp-json\/wp\/v2\/types\/product"}],"wp:featuredmedia":[{"embeddable":true,"href":"https:\/\/artam.de\/artam\/wp-json\/wp\/v2\/media\/10905"}],"wp:attachment":[{"href":"https:\/\/artam.de\/artam\/wp-json\/wp\/v2\/media?parent=10904"}],"wp:term":[{"taxonomy":"product_brand","embeddable":true,"href":"https:\/\/artam.de\/artam\/wp-json\/wp\/v2\/product_brand?post=10904"},{"taxonomy":"product_cat","embeddable":true,"href":"https:\/\/artam.de\/artam\/wp-json\/wp\/v2\/product_cat?post=10904"},{"taxonomy":"product_tag","embeddable":true,"href":"https:\/\/artam.de\/artam\/wp-json\/wp\/v2\/product_tag?post=10904"}],"curies":[{"name":"wp","href":"https:\/\/api.w.org\/{rel}","templated":true}]}}