{"id":10865,"date":"2025-10-08T17:08:54","date_gmt":"2025-10-08T15:08:54","guid":{"rendered":"https:\/\/artam.de\/artam\/?post_type=product&#038;p=10865"},"modified":"2025-11-17T13:24:00","modified_gmt":"2025-11-17T12:24:00","slug":"jul-schokokalender-3825","status":"publish","type":"product","link":"https:\/\/artam.de\/artam\/produkt\/jul-schokokalender-3825\/","title":{"rendered":"Jul-Schokokalender 3825"},"content":{"rendered":"<p>Die Julzeit steht vor der T\u00fcr \u2013 heute m\u00f6chten wir Euch auf unseren liebevoll gestalteten Jul-Schokokalender aufmerksam machen.<\/p>\n<p>Die Besonderheit:<br \/>\nBestehend aus 24 T\u00fcren, die T\u00fcren vom 01. bis 21. Julmond sind f\u00fcr das Heidenkind,<br \/>\nf\u00fcr den 21. Julmond gibt es noch drei weitere \u2013 eine f\u00fcr die Mutti und den Vati und eine den Ahnentisch.<\/p>\n<p>Vollmilch Schokolade<br \/>\nInhaltsstoffe: Zucker; VOLLMILCHPULVER; Kakao-Butter; Kakao-Masse; Emulgator (Sonnenblumenlecithin);<br \/>\nVanilleextrakt<br \/>\nKANN SPUREN VON SCHALENFR\u00dcCHTEN, GLUTEN UND ERDN\u00dcSSEN ENTHALTEN<br \/>\nN\u00e4hrwerte: N\u00e4hrwerte je 100 g: Brennwert: 2416 kJ; Energie: 580 kcal; Fett: 39,7 g; ges. Fetts\u00e4uren: 24,9 g;<br \/>\nKohlenhydrate: 46,3 g; Zucker: 45,7 g; Eiwei\u00df: 8,2 g; Salz: &lt; 0,1 g<\/p>\n<p>&nbsp;<\/p>\n<p>Produktinformationen: Karton 34,8 x 24,7 x 1 cm<\/p>\n","protected":false},"excerpt":{"rendered":"<p>Jul-Schokokalender 3825<\/p>\n<p>mit 21 T\u00fcrchen (bis zur Wintersonnenwende)<\/p>\n","protected":false},"featured_media":10871,"template":"","meta":[],"product_brand":[],"product_cat":[48,64],"product_tag":[183,181,182],"class_list":{"0":"post-10865","1":"product","2":"type-product","3":"status-publish","4":"has-post-thumbnail","6":"product_cat-jul","7":"product_cat-kalender","8":"product_tag-jul","9":"product_tag-kalender","10":"product_tag-schoko","11":"product_shipping_class-grosses-format","13":"first","14":"instock","15":"featured","16":"taxable","17":"shipping-taxable","18":"purchasable","19":"product-type-simple"},"_links":{"self":[{"href":"https:\/\/artam.de\/artam\/wp-json\/wp\/v2\/product\/10865","targetHints":{"allow":["GET"]}}],"collection":[{"href":"https:\/\/artam.de\/artam\/wp-json\/wp\/v2\/product"}],"about":[{"href":"https:\/\/artam.de\/artam\/wp-json\/wp\/v2\/types\/product"}],"wp:featuredmedia":[{"embeddable":true,"href":"https:\/\/artam.de\/artam\/wp-json\/wp\/v2\/media\/10871"}],"wp:attachment":[{"href":"https:\/\/artam.de\/artam\/wp-json\/wp\/v2\/media?parent=10865"}],"wp:term":[{"taxonomy":"product_brand","embeddable":true,"href":"https:\/\/artam.de\/artam\/wp-json\/wp\/v2\/product_brand?post=10865"},{"taxonomy":"product_cat","embeddable":true,"href":"https:\/\/artam.de\/artam\/wp-json\/wp\/v2\/product_cat?post=10865"},{"taxonomy":"product_tag","embeddable":true,"href":"https:\/\/artam.de\/artam\/wp-json\/wp\/v2\/product_tag?post=10865"}],"curies":[{"name":"wp","href":"https:\/\/api.w.org\/{rel}","templated":true}]}}