{"id":10771,"date":"2024-10-28T10:43:04","date_gmt":"2024-10-28T09:43:04","guid":{"rendered":"https:\/\/artam.de\/artam\/?post_type=product&#038;p=10771"},"modified":"2025-10-08T16:57:23","modified_gmt":"2025-10-08T14:57:23","slug":"germanischer-jahrweiser-fuer-die-sippe-3824-25","status":"publish","type":"product","link":"https:\/\/artam.de\/artam\/produkt\/germanischer-jahrweiser-fuer-die-sippe-3824-25\/","title":{"rendered":"Germanischer Jahrweiser f\u00fcr die Sippe 3824\/25"},"content":{"rendered":"<p>Germanischer Jahrweiser f\u00fcr die Sippe (Familienkalender) 3825 n.St.\/2025<\/p>\n<p>&#8211; germanische Monatsnamen<br \/>\n&#8211; germanische Wochentage<br \/>\n&#8211; mit germanischen Festtagen<br \/>\n&#8211; sechs Spalten f\u00fcr die Sippenangeh\u00f6rigen<br \/>\n&#8211; mit Runenalphabet<br \/>\n&#8211; beginnt mit dem 21. Julmond 3824 n.St. und endet mit 21. Julmond 3825 n.St.<br \/>\n&#8211; 13 wunderbare Bilder<br \/>\n&#8211; in der Gr\u00f6\u00dfe Din A 3 (29,7\u00d742 cm)<br \/>\n&#8211; Spiralbindung inklusive Wandhalter<br \/>\n&#8211; BRD Ferien und Feiertage sind gesondert enthalten<\/p>\n<h2 class=\"western\"><strong><span style=\"color: #ff0000;\">Hinweis: die Auslieferung erfolgt ab Ende Nebelung\/November<\/span><\/strong><\/h2>\n","protected":false},"excerpt":{"rendered":"<p>Germanischer Jahrweiser f\u00fcr die Sippe (Familienkalender) 3825 n.St.\/2025 &#8211; germanische Monatsnamen &#8211; germanische Wochentage &#8211; mit germanischen Festtagen &#8211; sechs Spalten f\u00fcr die Sippenangeh\u00f6rigen &#8211; mit Runenalphabet &#8211; beginnt mit dem 21. Julmond 3824 n.St. und endet mit 21. Julmond 3825 n.St. &#8211; 13 wunderbare Bilder &#8211; in der Gr\u00f6\u00dfe Din A 3 (29,7\u00d742 cm) [&hellip;]<\/p>\n","protected":false},"featured_media":10775,"template":"","meta":[],"product_brand":[],"product_cat":[64],"product_tag":[184,181],"class_list":{"0":"post-10771","1":"product","2":"type-product","3":"status-publish","4":"has-post-thumbnail","6":"product_cat-kalender","7":"product_tag-jahrweiser","8":"product_tag-kalender","10":"first","11":"outofstock","12":"featured","13":"taxable","14":"shipping-taxable","15":"purchasable","16":"product-type-simple"},"_links":{"self":[{"href":"https:\/\/artam.de\/artam\/wp-json\/wp\/v2\/product\/10771","targetHints":{"allow":["GET"]}}],"collection":[{"href":"https:\/\/artam.de\/artam\/wp-json\/wp\/v2\/product"}],"about":[{"href":"https:\/\/artam.de\/artam\/wp-json\/wp\/v2\/types\/product"}],"wp:featuredmedia":[{"embeddable":true,"href":"https:\/\/artam.de\/artam\/wp-json\/wp\/v2\/media\/10775"}],"wp:attachment":[{"href":"https:\/\/artam.de\/artam\/wp-json\/wp\/v2\/media?parent=10771"}],"wp:term":[{"taxonomy":"product_brand","embeddable":true,"href":"https:\/\/artam.de\/artam\/wp-json\/wp\/v2\/product_brand?post=10771"},{"taxonomy":"product_cat","embeddable":true,"href":"https:\/\/artam.de\/artam\/wp-json\/wp\/v2\/product_cat?post=10771"},{"taxonomy":"product_tag","embeddable":true,"href":"https:\/\/artam.de\/artam\/wp-json\/wp\/v2\/product_tag?post=10771"}],"curies":[{"name":"wp","href":"https:\/\/api.w.org\/{rel}","templated":true}]}}