{"id":12,"date":"2018-09-07T09:41:12","date_gmt":"2018-09-07T07:41:12","guid":{"rendered":"http:\/\/artam.de\/artam\/impressum\/"},"modified":"2018-12-05T09:34:19","modified_gmt":"2018-12-05T08:34:19","slug":"impressum","status":"publish","type":"page","link":"https:\/\/artam.de\/artam\/impressum\/","title":{"rendered":"Impressum"},"content":{"rendered":"<p>Versandhaus Artam<br \/>\n<em>Inhaber: Jens Bauer<\/em><br \/>\nBornitzer Hauptstr.40<\/p>\n<p>06729 Elsteraue<\/p>\n<p>Deutschland<\/p>\n<p>Telefon: +49 34424 30 94 74<\/p>\n<p>E-Mail: netzladen@artam.de<br \/>\nInternet: <a href=\"http:\/\/www.artam.de\">www.artam.de<\/a><\/p>\n<p>Steuernummer: 119\/204\/00487<br \/>\nFinanzamt Naumburg<\/p>\n<p>Plattform der EU-Kommission zur Online-Streitbeilegung: <a href=\"https:\/\/ec.europa.eu\/consumers\/odr\"><u>https:\/\/ec.europa.eu\/consumers\/odr<\/u><\/a><\/p>\n<p>Wir sind zur Teilnahme an einem Streitbeilegungsverfahren vor einer Verbraucherschlichtungsstelle weder verpflichtet noch bereit.<\/p>\n<p><strong><u>Rechtliche Hinweise zur Netzseite<\/u><\/strong><br \/>\nKeine Abmahnung ohne vorherigen Kontakt!<\/p>\n<p>Sollte der Inhalte, die Aufmachung oder angebotene Artikel dieser Seiten fremde Rechte Dritter oder gesetzliche Bestimmungen verletzen, so bitten wir um eine entsprechende Nachricht ohne Kostennote. Die Beseitigung einer m\u00f6glicherweise von diesen Seiten ausgehenden Schutzrecht-Verletzung durch Schutzrecht-InhaberInnen selbst darf nicht ohne unsere Zustimmung stattfinden. Wir garantieren, dass die zu Recht beanstandeten Passagen oder Artikel unverz\u00fcglich entfernt werden, ohne dass von Ihrer Seite die Einschaltung eines Rechtsbeistandes erforderlich ist.<br \/>\nDennoch von Ihnen ohne vorherige Kontaktaufnahme ausgel\u00f6ste Kosten werden wir vollumf\u00e4nglich zur\u00fcckweisen und gegebenenfalls Gegenklage wegen Verletzung vorgenannter Bestimmungen einreichen.<\/p>\n<p>Alle Texte, Bilder und weiter hier ver\u00f6ffentlichten Informationen unterliegen dem Urheberrecht des Anbieters, soweit nicht Urheberrechte Dritter bestehen. In jedem Fall ist eine Vervielf\u00e4ltigung, Verbreitung oder \u00f6ffentliche Wiedergabe ausschlie\u00dflich im Falle einer widerruflichen und nicht \u00fcbertragbaren Zustimmung des Anbieters gestattet. Linksetzungen, welche auf die Inhalte der vorliegenden Netzseite verweisen, bed\u00fcrfen der Zustimmung des Anbieters. Eine solche Zustimmung ist bei jeder grundlegenden Ver\u00e4nderung des Inhaltes der Netzseite, von welcher die Verlinkung erfolgt, neu zu beantragen, sie kann jederzeit formlos widerrufen werden. Eine Verlinkung von Seiten mit illegalen, anst\u00f6\u00dfigen, irref\u00fchrenden oder diffamierenden Inhalten ist in jedem Fall ausgeschlossen. Die Inhalte der Webseite werden mit gr\u00f6\u00dfter Sorgfalt erstellt. Dennoch kann keine Garantie f\u00fcr Aktualit\u00e4t und Vollst\u00e4ndigkeit \u00fcbernommen werden. F\u00fcr alle mittels Querverweis (Link) verbundene Webinhalte \u00fcbernimmt der Anbieter keine Verantwortung, da es sich dabei um keine eigenen Inhalte handelt. Externe Links wurden auf rechtswidrige Inhalte \u00fcberpr\u00fcft, zum Zeitpunkt der Verlinkung waren solche nicht erkennbar. Bez\u00fcglich fremder Inhalte besteht jedoch keine allgemeine \u00dcberwachungs- und Pr\u00fcfungspflicht. Aufgef\u00fchrte Warenzeichen und Markennamen sind Eigentum ihrer jeweiligen Inhaber.<\/p>\n","protected":false},"excerpt":{"rendered":"<p>Versandhaus Artam Inhaber: Jens Bauer Bornitzer Hauptstr.40 06729 Elsteraue Deutschland Telefon: +49 34424 30 94 74 E-Mail: netzladen@artam.de Internet: www.artam.de Steuernummer: 119\/204\/00487 Finanzamt Naumburg Plattform der EU-Kommission zur Online-Streitbeilegung: https:\/\/ec.europa.eu\/consumers\/odr Wir sind zur Teilnahme an einem Streitbeilegungsverfahren vor einer Verbraucherschlichtungsstelle weder verpflichtet noch bereit. Rechtliche Hinweise zur Netzseite Keine Abmahnung ohne vorherigen Kontakt! Sollte der [&hellip;]<\/p>\n","protected":false},"author":1,"featured_media":0,"parent":0,"menu_order":0,"comment_status":"closed","ping_status":"closed","template":"","meta":{"footnotes":""},"class_list":["post-12","page","type-page","status-publish","hentry"],"_links":{"self":[{"href":"https:\/\/artam.de\/artam\/wp-json\/wp\/v2\/pages\/12","targetHints":{"allow":["GET"]}}],"collection":[{"href":"https:\/\/artam.de\/artam\/wp-json\/wp\/v2\/pages"}],"about":[{"href":"https:\/\/artam.de\/artam\/wp-json\/wp\/v2\/types\/page"}],"author":[{"embeddable":true,"href":"https:\/\/artam.de\/artam\/wp-json\/wp\/v2\/users\/1"}],"replies":[{"embeddable":true,"href":"https:\/\/artam.de\/artam\/wp-json\/wp\/v2\/comments?post=12"}],"version-history":[{"count":7,"href":"https:\/\/artam.de\/artam\/wp-json\/wp\/v2\/pages\/12\/revisions"}],"predecessor-version":[{"id":2464,"href":"https:\/\/artam.de\/artam\/wp-json\/wp\/v2\/pages\/12\/revisions\/2464"}],"wp:attachment":[{"href":"https:\/\/artam.de\/artam\/wp-json\/wp\/v2\/media?parent=12"}],"curies":[{"name":"wp","href":"https:\/\/api.w.org\/{rel}","templated":true}]}}